
{"id":68,"date":"2022-01-04T19:08:43","date_gmt":"2022-01-04T17:08:43","guid":{"rendered":"https:\/\/www.highspeedbuds.com\/product\/gorilla-cookies-fast-1-ud-high-speed-buds\/"},"modified":"2024-01-10T11:03:33","modified_gmt":"2024-01-10T09:03:33","slug":"gorilla-cookies-fast-1-ud-high-speed-buds","status":"publish","type":"product","link":"https:\/\/www.highspeedbuds.com\/de\/genetica\/gorilla-cookies-fast-1-ud-high-speed-buds\/","title":{"rendered":"Gorilla Kekse Schnell"},"content":{"rendered":"<p>Gorilla Cookies Fast ist die feminisierte Schwester unserer erstaunlichen Gorilla Cookies Auto, einer Genetik mit einzigartigen Eigenschaften und Geschmack. So k\u00f6nnen wir bei High Speed Buds den Liebhabern dieser k\u00f6stlichen Genetik, die einen sehr schnellen Bl\u00fctezyklus hat und ideal f\u00fcr den Anbau im Freien in weniger g\u00fcnstigen Klimazonen ist, feminisierte Sorten anbieten. Um Gorilla Cookies Fast zu erhalten, haben wir eine Gorilla Glue #4 mit unserer Gorilla Cookies Auto gekreuzt und so eine 60% Indica-Genetik erhalten, die das Aroma von Minzkeksen mit einem Hauch von Kush beibeh\u00e4lt, das ihre Vorfahren ber\u00fchmt gemacht hat. Es handelt sich um eine einfach anzubauende Genetik, die in etwa 7 Wochen erntereif sein wird. Im Freien wird sie kurz vor Ende September reif sein, ein ideales Datum f\u00fcr Gegenden mit mehr Niederschlag und k\u00fcrzeren Sommern. Die Gr\u00f6\u00dfe dieser Genetik erlaubt es, sehr interessante Produktionszahlen zu erreichen, zwischen 500 - 600 Gramm pro Pflanze.<\/p>","protected":false},"excerpt":{"rendered":"<p>- Kreuzung: Gorilla Kleber #4 x Gorilla Cookies Auto<br \/>\n- Indica\/Sativa: 60 \/ 40<br \/>\n- Bl\u00fctezeit: 45-55 Tage<br \/>\n- Produktion m2: 500-600 g<br \/>\n- Ernte im Freien: 10-20 September<br \/>\n- Gr\u00f6\u00dfe innen: 90-100 cm<br \/>\n- Gr\u00f6\u00dfe im Freien: 180-200 cm<br \/>\n- Aroma und Geschmack: Biskuit, erdiges Kush<\/p>","protected":false},"featured_media":134,"comment_status":"open","ping_status":"closed","template":"","meta":[],"product_brand":[],"product_cat":[19],"product_tag":[],"class_list":{"0":"post-68","1":"product","2":"type-product","3":"status-publish","4":"has-post-thumbnail","6":"product_cat-fast","8":"first","9":"instock","10":"taxable","11":"shipping-taxable","12":"purchasable","13":"product-type-variable","14":"has-default-attributes"},"_links":{"self":[{"href":"https:\/\/www.highspeedbuds.com\/de\/wp-json\/wp\/v2\/product\/68","targetHints":{"allow":["GET"]}}],"collection":[{"href":"https:\/\/www.highspeedbuds.com\/de\/wp-json\/wp\/v2\/product"}],"about":[{"href":"https:\/\/www.highspeedbuds.com\/de\/wp-json\/wp\/v2\/types\/product"}],"replies":[{"embeddable":true,"href":"https:\/\/www.highspeedbuds.com\/de\/wp-json\/wp\/v2\/comments?post=68"}],"wp:featuredmedia":[{"embeddable":true,"href":"https:\/\/www.highspeedbuds.com\/de\/wp-json\/wp\/v2\/media\/134"}],"wp:attachment":[{"href":"https:\/\/www.highspeedbuds.com\/de\/wp-json\/wp\/v2\/media?parent=68"}],"wp:term":[{"taxonomy":"product_brand","embeddable":true,"href":"https:\/\/www.highspeedbuds.com\/de\/wp-json\/wp\/v2\/product_brand?post=68"},{"taxonomy":"product_cat","embeddable":true,"href":"https:\/\/www.highspeedbuds.com\/de\/wp-json\/wp\/v2\/product_cat?post=68"},{"taxonomy":"product_tag","embeddable":true,"href":"https:\/\/www.highspeedbuds.com\/de\/wp-json\/wp\/v2\/product_tag?post=68"}],"curies":[{"name":"wp","href":"https:\/\/api.w.org\/{rel}","templated":true}]}}