
{"id":66,"date":"2022-01-04T19:08:43","date_gmt":"2022-01-04T17:08:43","guid":{"rendered":"https:\/\/www.highspeedbuds.com\/product\/cherry-pie-fast-3-ud-high-speed-buds\/"},"modified":"2025-02-26T18:26:46","modified_gmt":"2025-02-26T16:26:46","slug":"cherry-pie-fast-3-ud-high-speed-buds","status":"publish","type":"product","link":"https:\/\/www.highspeedbuds.com\/de\/genetica\/cherry-pie-fast-3-ud-high-speed-buds\/","title":{"rendered":"Kirschtorte Schnell"},"content":{"rendered":"<p>Cherry Pie Fast ist die ideale Genetik f\u00fcr Liebhaber amerikanischer Sorten, die eine hohe Harzproduktion in Rekordzeit im Freien anstreben. Diese Fast-Genetik erm\u00f6glicht es, auch in Gegenden gute Ergebnisse zu erzielen, in denen das Klima nicht so gut ist, wie in Gegenden mit kurzen Sommern und fr\u00fchen Regenf\u00e4llen. Cherry Pie Fast hat eine sehr schnelle Bl\u00fctezeit und ist im Innenbereich in 7 Wochen erntereif, w\u00e4hrend sie im Freien Mitte September ihre Bl\u00fctezeit beendet. Diese Genetik ist mittelgro\u00df und kann im Freien bis zu 230 cm hoch werden. Ihre Genetik, eine Kreuzung aus Cherry Pie (Grandaddy Purple x Durban Poison) und Cherry Pie Auto, ist f\u00fcr ihr intensives Aroma verantwortlich, in dem fruchtige Noten mit einer besonderen Betonung auf S\u00fc\u00dfkirsche hervorstechen.<\/p>","protected":false},"excerpt":{"rendered":"<p>- Kreuzung: Cherry Pie x Cherry Pie Auto<br \/>\n- Indica\/Sativa: 70 \/ 30<br \/>\n- Bl\u00fctezeit: 45-55 Tage<br \/>\n- Produktion m2: 500-550 g<br \/>\n- Ernte im Freien: 10-20 September<br \/>\n- Gr\u00f6\u00dfe innen: 80-100 cm<br \/>\n- Gr\u00f6\u00dfe f\u00fcr drau\u00dfen: 180-230 cm<br \/>\n- Aroma und Geschmack: Kirsche, sauer<\/p>","protected":false},"featured_media":129,"comment_status":"open","ping_status":"closed","template":"","meta":[],"product_brand":[],"product_cat":[19],"product_tag":[],"class_list":{"0":"post-66","1":"product","2":"type-product","3":"status-publish","4":"has-post-thumbnail","6":"product_cat-fast","8":"first","9":"instock","10":"taxable","11":"shipping-taxable","12":"purchasable","13":"product-type-variable","14":"has-default-attributes"},"_links":{"self":[{"href":"https:\/\/www.highspeedbuds.com\/de\/wp-json\/wp\/v2\/product\/66","targetHints":{"allow":["GET"]}}],"collection":[{"href":"https:\/\/www.highspeedbuds.com\/de\/wp-json\/wp\/v2\/product"}],"about":[{"href":"https:\/\/www.highspeedbuds.com\/de\/wp-json\/wp\/v2\/types\/product"}],"replies":[{"embeddable":true,"href":"https:\/\/www.highspeedbuds.com\/de\/wp-json\/wp\/v2\/comments?post=66"}],"wp:featuredmedia":[{"embeddable":true,"href":"https:\/\/www.highspeedbuds.com\/de\/wp-json\/wp\/v2\/media\/129"}],"wp:attachment":[{"href":"https:\/\/www.highspeedbuds.com\/de\/wp-json\/wp\/v2\/media?parent=66"}],"wp:term":[{"taxonomy":"product_brand","embeddable":true,"href":"https:\/\/www.highspeedbuds.com\/de\/wp-json\/wp\/v2\/product_brand?post=66"},{"taxonomy":"product_cat","embeddable":true,"href":"https:\/\/www.highspeedbuds.com\/de\/wp-json\/wp\/v2\/product_cat?post=66"},{"taxonomy":"product_tag","embeddable":true,"href":"https:\/\/www.highspeedbuds.com\/de\/wp-json\/wp\/v2\/product_tag?post=66"}],"curies":[{"name":"wp","href":"https:\/\/api.w.org\/{rel}","templated":true}]}}