
{"id":653,"date":"2022-10-10T16:26:30","date_gmt":"2022-10-10T14:26:30","guid":{"rendered":"https:\/\/www.highspeedbuds.com\/?post_type=product&#038;p=653"},"modified":"2024-01-25T14:46:06","modified_gmt":"2024-01-25T12:46:06","slug":"strawberry-banana","status":"publish","type":"product","link":"https:\/\/www.highspeedbuds.com\/de\/genetica\/strawberry-banana\/","title":{"rendered":"Erdbeer-Banane Auto"},"content":{"rendered":"<p>Strawberry Banana Auto ist eine der neuesten Generation amerikanischer Genetik, die uns schon am l\u00e4ngsten begleitet und an der wir aufgrund ihres einzigartigen Aromas am meisten gearbeitet haben. Wir haben es geschafft, nicht nur ihre Hauptmerkmale unver\u00e4ndert beizubehalten, sondern diese Genetik auch in einer autoflowering Version anzubieten, bei der die Pflanze zwischen 10 und 11 Wochen nach der Keimung erntereif ist. Mit der Entwicklung der Bl\u00fcte wird diese Genetik Bl\u00e4tter mit dunkleren Schattierungen pr\u00e4sentieren, vor allem wenn sie k\u00e4lteren Umgebungen ausgesetzt ist, die aufgrund der Menge an Harz, die sie produziert, mit wei\u00dfen Punkten gef\u00fcllt sein werden. Ihr Ertrag kann 550-600 Gramm pro Quadratmeter erreichen, sehr interessante Werte f\u00fcr eine so schnelle Pflanze. Der Geschmack und das Aroma von Banane und s\u00fc\u00dfen Erdbeeren ist ein weiterer Faktor, den Sie bei der Wahl dieser Genetik ber\u00fccksichtigen sollten...<\/p>","protected":false},"excerpt":{"rendered":"<p>Indica \/ Sativa: 60 \/ 40<br \/>Produktion m2: 550-600 g<br \/>Vollst\u00e4ndige Kultur: 10-11 Wochen<br \/>Gr\u00f6\u00dfe Innen: 80-100 cm <br \/>Gr\u00f6\u00dfe f\u00fcr drau\u00dfen: 100-130 cm<br \/>Aroma und Geschmack: Banane, s\u00fc\u00dfe Erdbeeren<\/p>","protected":false},"featured_media":660,"comment_status":"open","ping_status":"closed","template":"","meta":[],"product_brand":[],"product_cat":[18],"product_tag":[],"class_list":{"0":"post-653","1":"product","2":"type-product","3":"status-publish","4":"has-post-thumbnail","6":"product_cat-auto","8":"first","9":"instock","10":"taxable","11":"shipping-taxable","12":"purchasable","13":"product-type-variable","14":"has-default-attributes"},"_links":{"self":[{"href":"https:\/\/www.highspeedbuds.com\/de\/wp-json\/wp\/v2\/product\/653","targetHints":{"allow":["GET"]}}],"collection":[{"href":"https:\/\/www.highspeedbuds.com\/de\/wp-json\/wp\/v2\/product"}],"about":[{"href":"https:\/\/www.highspeedbuds.com\/de\/wp-json\/wp\/v2\/types\/product"}],"replies":[{"embeddable":true,"href":"https:\/\/www.highspeedbuds.com\/de\/wp-json\/wp\/v2\/comments?post=653"}],"wp:featuredmedia":[{"embeddable":true,"href":"https:\/\/www.highspeedbuds.com\/de\/wp-json\/wp\/v2\/media\/660"}],"wp:attachment":[{"href":"https:\/\/www.highspeedbuds.com\/de\/wp-json\/wp\/v2\/media?parent=653"}],"wp:term":[{"taxonomy":"product_brand","embeddable":true,"href":"https:\/\/www.highspeedbuds.com\/de\/wp-json\/wp\/v2\/product_brand?post=653"},{"taxonomy":"product_cat","embeddable":true,"href":"https:\/\/www.highspeedbuds.com\/de\/wp-json\/wp\/v2\/product_cat?post=653"},{"taxonomy":"product_tag","embeddable":true,"href":"https:\/\/www.highspeedbuds.com\/de\/wp-json\/wp\/v2\/product_tag?post=653"}],"curies":[{"name":"wp","href":"https:\/\/api.w.org\/{rel}","templated":true}]}}