
{"id":648,"date":"2022-10-10T16:26:30","date_gmt":"2022-10-10T14:26:30","guid":{"rendered":"https:\/\/www.highspeedbuds.com\/?post_type=product&#038;p=648"},"modified":"2024-01-30T11:09:14","modified_gmt":"2024-01-30T09:09:14","slug":"gorilla-zkittlez-fast","status":"publish","type":"product","link":"https:\/\/www.highspeedbuds.com\/de\/genetica\/gorilla-zkittlez-fast\/","title":{"rendered":"Gorilla Zkittlez Schnell"},"content":{"rendered":"","protected":false},"excerpt":{"rendered":"<p>- Kreuzung: Zkittlez x Gorilla Zkittlez Auto<br \/>- Indica\/Sativa: 70 \/ 30<br \/>- Bl\u00fctezeit: 40-50 Tage<br \/>- Produktion m2: 500-550 g<br \/>- Ernte im Freien: 20. August - 10. September<br \/>- Gr\u00f6\u00dfe innen: 80-90 cm<br \/>- Gr\u00f6\u00dfe f\u00fcr drau\u00dfen: 170-220 cm<br \/>- Aroma: Tropische Fr\u00fcchte<\/p>","protected":false},"featured_media":662,"comment_status":"open","ping_status":"closed","template":"","meta":[],"product_brand":[],"product_cat":[19],"product_tag":[],"class_list":{"0":"post-648","1":"product","2":"type-product","3":"status-publish","4":"has-post-thumbnail","6":"product_cat-fast","8":"first","9":"instock","10":"taxable","11":"shipping-taxable","12":"purchasable","13":"product-type-variable","14":"has-default-attributes"},"_links":{"self":[{"href":"https:\/\/www.highspeedbuds.com\/de\/wp-json\/wp\/v2\/product\/648","targetHints":{"allow":["GET"]}}],"collection":[{"href":"https:\/\/www.highspeedbuds.com\/de\/wp-json\/wp\/v2\/product"}],"about":[{"href":"https:\/\/www.highspeedbuds.com\/de\/wp-json\/wp\/v2\/types\/product"}],"replies":[{"embeddable":true,"href":"https:\/\/www.highspeedbuds.com\/de\/wp-json\/wp\/v2\/comments?post=648"}],"wp:featuredmedia":[{"embeddable":true,"href":"https:\/\/www.highspeedbuds.com\/de\/wp-json\/wp\/v2\/media\/662"}],"wp:attachment":[{"href":"https:\/\/www.highspeedbuds.com\/de\/wp-json\/wp\/v2\/media?parent=648"}],"wp:term":[{"taxonomy":"product_brand","embeddable":true,"href":"https:\/\/www.highspeedbuds.com\/de\/wp-json\/wp\/v2\/product_brand?post=648"},{"taxonomy":"product_cat","embeddable":true,"href":"https:\/\/www.highspeedbuds.com\/de\/wp-json\/wp\/v2\/product_cat?post=648"},{"taxonomy":"product_tag","embeddable":true,"href":"https:\/\/www.highspeedbuds.com\/de\/wp-json\/wp\/v2\/product_tag?post=648"}],"curies":[{"name":"wp","href":"https:\/\/api.w.org\/{rel}","templated":true}]}}