
{"id":633,"date":"2022-10-10T16:26:30","date_gmt":"2022-10-10T14:26:30","guid":{"rendered":"https:\/\/www.highspeedbuds.com\/?post_type=product&#038;p=633"},"modified":"2025-02-26T18:26:56","modified_gmt":"2025-02-26T16:26:56","slug":"chocolope","status":"publish","type":"product","link":"https:\/\/www.highspeedbuds.com\/de\/genetica\/chocolope\/","title":{"rendered":"Chocolope Auto"},"content":{"rendered":"","protected":false},"excerpt":{"rendered":"<p>- Kreuz: Chocolope Auto<br \/>- Indica\/Sativa: 30 \/ 70<br \/>- Produktion m2: 550-600 g<br \/>- Vollst\u00e4ndige Kultur: 9-10 Wochen<br \/>- Gr\u00f6\u00dfe innen: 90-100 cm<br \/>- Gr\u00f6\u00dfe f\u00fcr drau\u00dfen: 100-130 cm<br \/>- Aroma und Geschmack: Schokolade, Zimt, Gew\u00fcrze<\/p>","protected":false},"featured_media":658,"comment_status":"open","ping_status":"closed","template":"","meta":[],"product_brand":[],"product_cat":[18],"product_tag":[],"class_list":{"0":"post-633","1":"product","2":"type-product","3":"status-publish","4":"has-post-thumbnail","6":"product_cat-auto","8":"first","9":"instock","10":"taxable","11":"shipping-taxable","12":"purchasable","13":"product-type-variable","14":"has-default-attributes"},"_links":{"self":[{"href":"https:\/\/www.highspeedbuds.com\/de\/wp-json\/wp\/v2\/product\/633","targetHints":{"allow":["GET"]}}],"collection":[{"href":"https:\/\/www.highspeedbuds.com\/de\/wp-json\/wp\/v2\/product"}],"about":[{"href":"https:\/\/www.highspeedbuds.com\/de\/wp-json\/wp\/v2\/types\/product"}],"replies":[{"embeddable":true,"href":"https:\/\/www.highspeedbuds.com\/de\/wp-json\/wp\/v2\/comments?post=633"}],"wp:featuredmedia":[{"embeddable":true,"href":"https:\/\/www.highspeedbuds.com\/de\/wp-json\/wp\/v2\/media\/658"}],"wp:attachment":[{"href":"https:\/\/www.highspeedbuds.com\/de\/wp-json\/wp\/v2\/media?parent=633"}],"wp:term":[{"taxonomy":"product_brand","embeddable":true,"href":"https:\/\/www.highspeedbuds.com\/de\/wp-json\/wp\/v2\/product_brand?post=633"},{"taxonomy":"product_cat","embeddable":true,"href":"https:\/\/www.highspeedbuds.com\/de\/wp-json\/wp\/v2\/product_cat?post=633"},{"taxonomy":"product_tag","embeddable":true,"href":"https:\/\/www.highspeedbuds.com\/de\/wp-json\/wp\/v2\/product_tag?post=633"}],"curies":[{"name":"wp","href":"https:\/\/api.w.org\/{rel}","templated":true}]}}