
{"id":628,"date":"2022-10-10T16:26:30","date_gmt":"2022-10-10T14:26:30","guid":{"rendered":"https:\/\/www.highspeedbuds.com\/?post_type=product&#038;p=628"},"modified":"2025-02-26T18:26:56","modified_gmt":"2025-02-26T16:26:56","slug":"9-pound-hammer-fast","status":"publish","type":"product","link":"https:\/\/www.highspeedbuds.com\/de\/genetica\/9-pound-hammer-fast\/","title":{"rendered":"#9 Pfund-Hammer Schnell"},"content":{"rendered":"","protected":false},"excerpt":{"rendered":"<p>- Kreuz: 9 Pfund Hammer Schnell<br \/>- Indica\/Sativa: 90 \/ 10<br \/>- Produktion m2: 500-600 g<br \/>- Vollst\u00e4ndige Kultivierung: 7 Wochen<br \/>- Gr\u00f6\u00dfe innen: 80-100 cm<br \/>- Gr\u00f6\u00dfe f\u00fcr drau\u00dfen: 180-220 cm<br \/>- Aroma: Fruchtig, Melone, Limette<\/p>","protected":false},"featured_media":664,"comment_status":"open","ping_status":"closed","template":"","meta":[],"product_brand":[],"product_cat":[19],"product_tag":[],"class_list":{"0":"post-628","1":"product","2":"type-product","3":"status-publish","4":"has-post-thumbnail","6":"product_cat-fast","8":"first","9":"instock","10":"taxable","11":"shipping-taxable","12":"purchasable","13":"product-type-variable","14":"has-default-attributes"},"_links":{"self":[{"href":"https:\/\/www.highspeedbuds.com\/de\/wp-json\/wp\/v2\/product\/628","targetHints":{"allow":["GET"]}}],"collection":[{"href":"https:\/\/www.highspeedbuds.com\/de\/wp-json\/wp\/v2\/product"}],"about":[{"href":"https:\/\/www.highspeedbuds.com\/de\/wp-json\/wp\/v2\/types\/product"}],"replies":[{"embeddable":true,"href":"https:\/\/www.highspeedbuds.com\/de\/wp-json\/wp\/v2\/comments?post=628"}],"wp:featuredmedia":[{"embeddable":true,"href":"https:\/\/www.highspeedbuds.com\/de\/wp-json\/wp\/v2\/media\/664"}],"wp:attachment":[{"href":"https:\/\/www.highspeedbuds.com\/de\/wp-json\/wp\/v2\/media?parent=628"}],"wp:term":[{"taxonomy":"product_brand","embeddable":true,"href":"https:\/\/www.highspeedbuds.com\/de\/wp-json\/wp\/v2\/product_brand?post=628"},{"taxonomy":"product_cat","embeddable":true,"href":"https:\/\/www.highspeedbuds.com\/de\/wp-json\/wp\/v2\/product_cat?post=628"},{"taxonomy":"product_tag","embeddable":true,"href":"https:\/\/www.highspeedbuds.com\/de\/wp-json\/wp\/v2\/product_tag?post=628"}],"curies":[{"name":"wp","href":"https:\/\/api.w.org\/{rel}","templated":true}]}}