
{"id":62,"date":"2022-01-04T19:08:42","date_gmt":"2022-01-04T17:08:42","guid":{"rendered":"https:\/\/www.highspeedbuds.com\/product\/alien-candy-kush-fast-1-ud-high-speed-buds\/"},"modified":"2025-02-26T18:26:56","modified_gmt":"2025-02-26T16:26:56","slug":"alien-candy-kush-fast-1-ud-high-speed-buds","status":"publish","type":"product","link":"https:\/\/www.highspeedbuds.com\/de\/genetica\/alien-candy-kush-fast-1-ud-high-speed-buds\/","title":{"rendered":"Alien Candy Kush Schnell"},"content":{"rendered":"<p>Alien Candy Kush Fast ist eine der besten amerikanischen Genetik, die in der Fast-Version erh\u00e4ltlich ist, feminisierte Genetik, aber mit k\u00fcrzerer Bl\u00fctezeit und fr\u00fcher Ernte. Ideal f\u00fcr Anbauer im Freien und in feuchten Gebieten mit kurzen Sommern. Diese Sorte ist das Ergebnis der Vereinigung zweier ber\u00fchmter amerikanischer Genetik: Alien OG und Alien Candy Kush Auto. Mit \u00fcberwiegend Indica-Genetik sollte Alien Candy Kush Fast im Innenbereich etwa 90 cm und im Freien 200 cm gro\u00df werden. Die Bl\u00fcte ist, wie bereits erw\u00e4hnt, sehr schnell und sollte im Innenbereich in etwa 6 bis 7 Wochen erntereif sein, w\u00e4hrend Sie im Au\u00dfenbereich Anfang September mit einem Ertrag von bis zu 550 Gramm pro Pflanze ernten k\u00f6nnen. Der Geschmack und das Aroma von Alien Candy Kush Fast erinnern sehr an ihre Vorfahren, mit s\u00fc\u00dfen und zitrusartigen Noten und fruchtigen Ankl\u00e4ngen.<\/p>","protected":false},"excerpt":{"rendered":"<p>- Kreuzung: Alien OG x Alien Candy Kush Auto<br \/>\n- Indica\/Sativa: 70 \/ 30<br \/>\n- Bl\u00fctezeit: 45-50 Tage<br \/>\n- Produktion m2: 500-550 g<br \/>\n- Ernte im Freien: 20. August-10. September<br \/>\n- Gr\u00f6\u00dfe innen: 70-90 cm<br \/>\n- Gr\u00f6\u00dfe im Freien: 150-200 cm<br \/>\n- Aroma und Geschmack: S\u00fc\u00df, Zitrus, fruchtig<\/p>","protected":false},"featured_media":127,"comment_status":"open","ping_status":"closed","template":"","meta":[],"product_brand":[],"product_cat":[19],"product_tag":[],"class_list":{"0":"post-62","1":"product","2":"type-product","3":"status-publish","4":"has-post-thumbnail","6":"product_cat-fast","8":"first","9":"instock","10":"taxable","11":"shipping-taxable","12":"purchasable","13":"product-type-variable","14":"has-default-attributes"},"_links":{"self":[{"href":"https:\/\/www.highspeedbuds.com\/de\/wp-json\/wp\/v2\/product\/62","targetHints":{"allow":["GET"]}}],"collection":[{"href":"https:\/\/www.highspeedbuds.com\/de\/wp-json\/wp\/v2\/product"}],"about":[{"href":"https:\/\/www.highspeedbuds.com\/de\/wp-json\/wp\/v2\/types\/product"}],"replies":[{"embeddable":true,"href":"https:\/\/www.highspeedbuds.com\/de\/wp-json\/wp\/v2\/comments?post=62"}],"wp:featuredmedia":[{"embeddable":true,"href":"https:\/\/www.highspeedbuds.com\/de\/wp-json\/wp\/v2\/media\/127"}],"wp:attachment":[{"href":"https:\/\/www.highspeedbuds.com\/de\/wp-json\/wp\/v2\/media?parent=62"}],"wp:term":[{"taxonomy":"product_brand","embeddable":true,"href":"https:\/\/www.highspeedbuds.com\/de\/wp-json\/wp\/v2\/product_brand?post=62"},{"taxonomy":"product_cat","embeddable":true,"href":"https:\/\/www.highspeedbuds.com\/de\/wp-json\/wp\/v2\/product_cat?post=62"},{"taxonomy":"product_tag","embeddable":true,"href":"https:\/\/www.highspeedbuds.com\/de\/wp-json\/wp\/v2\/product_tag?post=62"}],"curies":[{"name":"wp","href":"https:\/\/api.w.org\/{rel}","templated":true}]}}