
{"id":50,"date":"2022-01-04T19:08:41","date_gmt":"2022-01-04T17:08:41","guid":{"rendered":"https:\/\/www.highspeedbuds.com\/product\/auto-gorilla-cookies-1-ud-high-speed-buds\/"},"modified":"2025-02-26T18:26:56","modified_gmt":"2025-02-26T16:26:56","slug":"auto-gorilla-cookies-1-ud-high-speed-buds","status":"publish","type":"product","link":"https:\/\/www.highspeedbuds.com\/de\/genetica\/auto-gorilla-cookies-1-ud-high-speed-buds\/","title":{"rendered":"Gorilla Kekse Auto"},"content":{"rendered":"<p>Unsere Z\u00fcchter haben dem Projekt Gorilla Cookies Auto besondere Liebe und Sorgfalt gewidmet, da sie eine der brutalsten ist, die wir gefunden haben, sowohl was die Produktion als auch die Menge des Harzes betrifft. Dazu haben wir das Minzkeks-Aroma hinzugef\u00fcgt, das Girl Scout Cookies bietet. Das Ergebnis ist eine Genetik, die in nur 10 Wochen ihre ganze Pracht entfaltet, mit Ertr\u00e4gen, die 600 Gramm pro Quadratmeter erreichen k\u00f6nnen. Ihre H\u00f6he von etwa 100 cm im Innenbereich und die einfache Kultivierung, die sie bietet, sind ebenfalls hervorragende Argumente f\u00fcr den Indoor-Grower, der in dieser Genetik einen starken Verb\u00fcndeten finden wird. Der Ertrag und der Geschmack von Gorilla Cookies Auto ist wahrscheinlich ein weiterer Faktor, der Sie dazu bringen wird, sich f\u00fcr diese Sorte zu entscheiden: intensives Aroma von Minzkeksen mit einem Hauch von Kush.<\/p>","protected":false},"excerpt":{"rendered":"<p>- Kreuzung: G. S. C Thin Mint x Auto Gorilla Glue #4<br \/>\n- Indica\/Sativa: 55 \/ 45<br \/>\n- Produktion m2: 500-600 g<br \/>\n- Vollst\u00e4ndige Kultur: 9-10 Wochen<br \/>\n- Gr\u00f6\u00dfe innen: 90-100 cm<br \/>\n- Gr\u00f6\u00dfe f\u00fcr drau\u00dfen: 100-130 cm<br \/>\n- Aroma und Geschmack: Biskuit, erdiges Kush<\/p>","protected":false},"featured_media":133,"comment_status":"open","ping_status":"closed","template":"","meta":[],"product_brand":[],"product_cat":[18],"product_tag":[],"class_list":{"0":"post-50","1":"product","2":"type-product","3":"status-publish","4":"has-post-thumbnail","6":"product_cat-auto","8":"first","9":"instock","10":"taxable","11":"shipping-taxable","12":"purchasable","13":"product-type-variable","14":"has-default-attributes"},"_links":{"self":[{"href":"https:\/\/www.highspeedbuds.com\/de\/wp-json\/wp\/v2\/product\/50","targetHints":{"allow":["GET"]}}],"collection":[{"href":"https:\/\/www.highspeedbuds.com\/de\/wp-json\/wp\/v2\/product"}],"about":[{"href":"https:\/\/www.highspeedbuds.com\/de\/wp-json\/wp\/v2\/types\/product"}],"replies":[{"embeddable":true,"href":"https:\/\/www.highspeedbuds.com\/de\/wp-json\/wp\/v2\/comments?post=50"}],"wp:featuredmedia":[{"embeddable":true,"href":"https:\/\/www.highspeedbuds.com\/de\/wp-json\/wp\/v2\/media\/133"}],"wp:attachment":[{"href":"https:\/\/www.highspeedbuds.com\/de\/wp-json\/wp\/v2\/media?parent=50"}],"wp:term":[{"taxonomy":"product_brand","embeddable":true,"href":"https:\/\/www.highspeedbuds.com\/de\/wp-json\/wp\/v2\/product_brand?post=50"},{"taxonomy":"product_cat","embeddable":true,"href":"https:\/\/www.highspeedbuds.com\/de\/wp-json\/wp\/v2\/product_cat?post=50"},{"taxonomy":"product_tag","embeddable":true,"href":"https:\/\/www.highspeedbuds.com\/de\/wp-json\/wp\/v2\/product_tag?post=50"}],"curies":[{"name":"wp","href":"https:\/\/api.w.org\/{rel}","templated":true}]}}