
{"id":485,"date":"2022-03-07T19:06:35","date_gmt":"2022-03-07T17:06:35","guid":{"rendered":"https:\/\/www.highspeedbuds.com\/?post_type=product&#038;p=485"},"modified":"2025-02-26T18:26:46","modified_gmt":"2025-02-26T16:26:46","slug":"gorilla-zkittlez","status":"publish","type":"product","link":"https:\/\/www.highspeedbuds.com\/de\/genetica\/gorilla-zkittlez\/","title":{"rendered":"Gorilla Zkittlez Auto"},"content":{"rendered":"","protected":false},"excerpt":{"rendered":"<p>Indica \/ Sativa: 70 \/ 30<br \/>Produktion m2: 500-550 g<br \/>Vollst\u00e4ndige Kultur: 10-11 Wochen<br \/>Gr\u00f6\u00dfe Innen: 80-100 cm<br \/>Gr\u00f6\u00dfe f\u00fcr drau\u00dfen: 100-130 cm<br \/>Aroma und Geschmack: Tropische Fr\u00fcchte<\/p>","protected":false},"featured_media":506,"comment_status":"open","ping_status":"closed","template":"","meta":[],"product_brand":[],"product_cat":[18],"product_tag":[],"class_list":{"0":"post-485","1":"product","2":"type-product","3":"status-publish","4":"has-post-thumbnail","6":"product_cat-auto","8":"first","9":"instock","10":"taxable","11":"shipping-taxable","12":"purchasable","13":"product-type-variable","14":"has-default-attributes"},"_links":{"self":[{"href":"https:\/\/www.highspeedbuds.com\/de\/wp-json\/wp\/v2\/product\/485","targetHints":{"allow":["GET"]}}],"collection":[{"href":"https:\/\/www.highspeedbuds.com\/de\/wp-json\/wp\/v2\/product"}],"about":[{"href":"https:\/\/www.highspeedbuds.com\/de\/wp-json\/wp\/v2\/types\/product"}],"replies":[{"embeddable":true,"href":"https:\/\/www.highspeedbuds.com\/de\/wp-json\/wp\/v2\/comments?post=485"}],"wp:featuredmedia":[{"embeddable":true,"href":"https:\/\/www.highspeedbuds.com\/de\/wp-json\/wp\/v2\/media\/506"}],"wp:attachment":[{"href":"https:\/\/www.highspeedbuds.com\/de\/wp-json\/wp\/v2\/media?parent=485"}],"wp:term":[{"taxonomy":"product_brand","embeddable":true,"href":"https:\/\/www.highspeedbuds.com\/de\/wp-json\/wp\/v2\/product_brand?post=485"},{"taxonomy":"product_cat","embeddable":true,"href":"https:\/\/www.highspeedbuds.com\/de\/wp-json\/wp\/v2\/product_cat?post=485"},{"taxonomy":"product_tag","embeddable":true,"href":"https:\/\/www.highspeedbuds.com\/de\/wp-json\/wp\/v2\/product_tag?post=485"}],"curies":[{"name":"wp","href":"https:\/\/api.w.org\/{rel}","templated":true}]}}