
{"id":46,"date":"2022-01-04T19:08:40","date_gmt":"2022-01-04T17:08:40","guid":{"rendered":"https:\/\/www.highspeedbuds.com\/product\/auto-ghost-train-og-1-ud-high-speed-buds\/"},"modified":"2025-02-26T18:26:56","modified_gmt":"2025-02-26T16:26:56","slug":"auto-ghost-train-og-1-ud-high-speed-buds","status":"publish","type":"product","link":"https:\/\/www.highspeedbuds.com\/de\/genetica\/auto-ghost-train-og-1-ud-high-speed-buds\/","title":{"rendered":"Geisterbahn Og Auto"},"content":{"rendered":"<p>Ghost Train OG Auto zwingt uns, auf die Genetik zu verweisen, die sie hervorgebracht hat: die exklusive Ghost Train OG, eine sehr schwer zu findende Genetik, die direkt aus den USA f\u00fcr die High Speed Buds Reserve kommt. Wir haben Ghost Train OG x Auto Larry Lemon gekreuzt, aus dieser Kreuzung erhalten wir Pflanzen mit 65% Sativa-Genetik, sehr widerstandsf\u00e4hig und mit hoher Harzproduktion. In nur 10-11 Wochen kann diese Sorte im Freien etwa 130 cm erreichen und bis zu 600 Gramm pro Quadratmeter an Bl\u00fcten von h\u00f6chster Qualit\u00e4t liefern. Was ihren Geschmack und ihr Aroma angeht, k\u00f6nnen wir sagen, dass sie niemanden gleichg\u00fcltig lassen wird. Sie ist ziemlich komplex und vermischt Noten von Dunst mit Kiefer und einem Hintergrund von feuchter Erde, sehr s\u00fc\u00df.<\/p>","protected":false},"excerpt":{"rendered":"<p>- Kreuzung: Ghost Train OG x Auto Larry Lemon<br \/>\n- Indica\/Sativa: 35 \/ 65<br \/>\n- Produktion m2: 550-600 g<br \/>\n- Vollst\u00e4ndige Kultur: 10-11 Wochen<br \/>\n- Gr\u00f6\u00dfe innen: 80-100 cm<br \/>\n- Gr\u00f6\u00dfe f\u00fcr drau\u00dfen: 110-130 cm<br \/>\n- Aroma und Geschmack: Kiefer, Haze, s\u00fc\u00df-erdig<\/p>","protected":false},"featured_media":132,"comment_status":"open","ping_status":"closed","template":"","meta":[],"product_brand":[],"product_cat":[18],"product_tag":[],"class_list":{"0":"post-46","1":"product","2":"type-product","3":"status-publish","4":"has-post-thumbnail","6":"product_cat-auto","8":"first","9":"instock","10":"taxable","11":"shipping-taxable","12":"purchasable","13":"product-type-variable","14":"has-default-attributes"},"_links":{"self":[{"href":"https:\/\/www.highspeedbuds.com\/de\/wp-json\/wp\/v2\/product\/46","targetHints":{"allow":["GET"]}}],"collection":[{"href":"https:\/\/www.highspeedbuds.com\/de\/wp-json\/wp\/v2\/product"}],"about":[{"href":"https:\/\/www.highspeedbuds.com\/de\/wp-json\/wp\/v2\/types\/product"}],"replies":[{"embeddable":true,"href":"https:\/\/www.highspeedbuds.com\/de\/wp-json\/wp\/v2\/comments?post=46"}],"wp:featuredmedia":[{"embeddable":true,"href":"https:\/\/www.highspeedbuds.com\/de\/wp-json\/wp\/v2\/media\/132"}],"wp:attachment":[{"href":"https:\/\/www.highspeedbuds.com\/de\/wp-json\/wp\/v2\/media?parent=46"}],"wp:term":[{"taxonomy":"product_brand","embeddable":true,"href":"https:\/\/www.highspeedbuds.com\/de\/wp-json\/wp\/v2\/product_brand?post=46"},{"taxonomy":"product_cat","embeddable":true,"href":"https:\/\/www.highspeedbuds.com\/de\/wp-json\/wp\/v2\/product_cat?post=46"},{"taxonomy":"product_tag","embeddable":true,"href":"https:\/\/www.highspeedbuds.com\/de\/wp-json\/wp\/v2\/product_tag?post=46"}],"curies":[{"name":"wp","href":"https:\/\/api.w.org\/{rel}","templated":true}]}}