
{"id":42,"date":"2022-01-04T19:08:40","date_gmt":"2022-01-04T17:08:40","guid":{"rendered":"https:\/\/www.highspeedbuds.com\/product\/auto-do-si-face-1-ud-high-speed-buds\/"},"modified":"2025-02-26T18:33:58","modified_gmt":"2025-02-26T16:33:58","slug":"auto-do-si-face-1-ud-high-speed-buds","status":"publish","type":"product","link":"https:\/\/www.highspeedbuds.com\/de\/genetica\/auto-do-si-face-1-ud-high-speed-buds\/","title":{"rendered":"Do Si Face Auto"},"content":{"rendered":"<p>Wenn wir \u00fcber amerikanische Genetik sprechen, ist es obligatorisch, auf die beiden Elternteile hinzuweisen, aus denen die Do Si Face Auto autoflowering Samen hervorgegangen sind: Girl Scout Cookies und Face Off OG. Girl Scout Cookies hat den Markt in den letzten Jahren im Sturm erobert, mit ihrem Keks- und Minzaroma. Face Off OG hat das Gleiche getan, aber aus einem anderen Grund: ihre rohe Potenz. Das Ergebnis der Mischung dieser beiden Genetiken ist eine Sorte, die alles hat: Geschwindigkeit, Potenz und Geschmack. Do Si Face Auto ist in 9 bis 10 Wochen nach der Keimung erntereif, mit einer ungef\u00e4hren H\u00f6he von 120 cm im Freien und 90 cm im Innenbereich. Was die Ertr\u00e4ge angeht, so ist diese Sorte eine der h\u00f6chsten in unserem Katalog, wobei die verf\u00fcgbaren Zahlen darauf hindeuten, dass sie bis zu 600 Gramm pro Quadratmeter erreichen kann. All dies kombiniert in einer Sorte mit hoher Harzproduktion und einem unvergesslichen Aroma, sehr blumig, mit einem Hauch von exotischen H\u00f6lzern, Gew\u00fcrzen und Zitrusfr\u00fcchten.<\/p>","protected":false},"excerpt":{"rendered":"<p>- Kreuzung: Face Off OG x Auto G.S. Cookies<br \/>\n- Indica\/Sativa: 70 \/ 30<br \/>\n- Produktion m2: 500-600 g<br \/>\n- Vollst\u00e4ndige Kultur: 9-10 Wochen<br \/>\n- Gr\u00f6\u00dfe innen: 70-90 cm<br \/>\n- Gr\u00f6\u00dfe f\u00fcr drau\u00dfen: 90-120 cm<br \/>\n- Aroma und Geschmack: Blumig, w\u00fcrzig, Zitrone<\/p>","protected":false},"featured_media":131,"comment_status":"open","ping_status":"closed","template":"","meta":[],"product_brand":[],"product_cat":[18],"product_tag":[],"class_list":{"0":"post-42","1":"product","2":"type-product","3":"status-publish","4":"has-post-thumbnail","6":"product_cat-auto","8":"first","9":"instock","10":"taxable","11":"shipping-taxable","12":"purchasable","13":"product-type-variable","14":"has-default-attributes"},"_links":{"self":[{"href":"https:\/\/www.highspeedbuds.com\/de\/wp-json\/wp\/v2\/product\/42","targetHints":{"allow":["GET"]}}],"collection":[{"href":"https:\/\/www.highspeedbuds.com\/de\/wp-json\/wp\/v2\/product"}],"about":[{"href":"https:\/\/www.highspeedbuds.com\/de\/wp-json\/wp\/v2\/types\/product"}],"replies":[{"embeddable":true,"href":"https:\/\/www.highspeedbuds.com\/de\/wp-json\/wp\/v2\/comments?post=42"}],"wp:featuredmedia":[{"embeddable":true,"href":"https:\/\/www.highspeedbuds.com\/de\/wp-json\/wp\/v2\/media\/131"}],"wp:attachment":[{"href":"https:\/\/www.highspeedbuds.com\/de\/wp-json\/wp\/v2\/media?parent=42"}],"wp:term":[{"taxonomy":"product_brand","embeddable":true,"href":"https:\/\/www.highspeedbuds.com\/de\/wp-json\/wp\/v2\/product_brand?post=42"},{"taxonomy":"product_cat","embeddable":true,"href":"https:\/\/www.highspeedbuds.com\/de\/wp-json\/wp\/v2\/product_cat?post=42"},{"taxonomy":"product_tag","embeddable":true,"href":"https:\/\/www.highspeedbuds.com\/de\/wp-json\/wp\/v2\/product_tag?post=42"}],"curies":[{"name":"wp","href":"https:\/\/api.w.org\/{rel}","templated":true}]}}