
{"id":38,"date":"2022-01-04T19:08:39","date_gmt":"2022-01-04T17:08:39","guid":{"rendered":"https:\/\/www.highspeedbuds.com\/product\/auto-critical-glue-4-1-ud-high-speed-buds\/"},"modified":"2025-02-26T18:26:46","modified_gmt":"2025-02-26T16:26:46","slug":"auto-critical-glue-4-1-ud-high-speed-buds","status":"publish","type":"product","link":"https:\/\/www.highspeedbuds.com\/de\/genetica\/auto-critical-glue-4-1-ud-high-speed-buds\/","title":{"rendered":"Kritischer Kleber #4 Auto"},"content":{"rendered":"<p>Unter den autoflowering Hanfsamen in unserem Katalog m\u00fcssen wir die unglaublichen Qualit\u00e4ten von Critical Glue #4 Auto hervorheben. Sie ist das Ergebnis der Kreuzung von zwei bekannten Klonen wie Critical und Gorilla Glue #4 und ist eine sehr produktive Pflanze mit einer enormen Produktion von aromatischem Harz. Die 70% Indica-Genetik verleiht dieser Pflanze die F\u00e4higkeit, schnell und kr\u00e4ftig zu wachsen, so dass sie in 8-9 Wochen nach der Keimung erntereif sein kann. Sie wird im Innenbereich etwa 100 cm hoch und kann im Freien 120 cm erreichen, bei einem Ertrag von 550 Gramm pro Quadratmeter. Ihre Eltern sind auch sehr pr\u00e4sent, wenn wir \u00fcber das Aroma dieser Genetik sprechen, denn sie mischt ein starkes Skunk- und Fruchtaroma mit einem Zitronen- und Zitrushintergrund, der von ihrem Vater Gorilla Glue #4 stammt.<\/p>","protected":false},"excerpt":{"rendered":"<p>- Kreuz: Kritischer Kleber #4 Auto<br \/>\n- Indica\/Sativa: 70 \/ 30<br \/>\n- Produktion m2: 500-550 g<br \/>\n- Vollst\u00e4ndige Kultur: 8-9 Wochen<br \/>\n- Gr\u00f6\u00dfe innen: 80-100 cm<br \/>\n- Gr\u00f6\u00dfe f\u00fcr drau\u00dfen: 100-120 cm<br \/>\n- Aroma und Geschmack: Skunk, S\u00fc\u00df, Zitrone<\/p>","protected":false},"featured_media":130,"comment_status":"open","ping_status":"closed","template":"","meta":[],"product_brand":[],"product_cat":[18],"product_tag":[],"class_list":{"0":"post-38","1":"product","2":"type-product","3":"status-publish","4":"has-post-thumbnail","6":"product_cat-auto","8":"first","9":"instock","10":"taxable","11":"shipping-taxable","12":"purchasable","13":"product-type-variable","14":"has-default-attributes"},"_links":{"self":[{"href":"https:\/\/www.highspeedbuds.com\/de\/wp-json\/wp\/v2\/product\/38","targetHints":{"allow":["GET"]}}],"collection":[{"href":"https:\/\/www.highspeedbuds.com\/de\/wp-json\/wp\/v2\/product"}],"about":[{"href":"https:\/\/www.highspeedbuds.com\/de\/wp-json\/wp\/v2\/types\/product"}],"replies":[{"embeddable":true,"href":"https:\/\/www.highspeedbuds.com\/de\/wp-json\/wp\/v2\/comments?post=38"}],"wp:featuredmedia":[{"embeddable":true,"href":"https:\/\/www.highspeedbuds.com\/de\/wp-json\/wp\/v2\/media\/130"}],"wp:attachment":[{"href":"https:\/\/www.highspeedbuds.com\/de\/wp-json\/wp\/v2\/media?parent=38"}],"wp:term":[{"taxonomy":"product_brand","embeddable":true,"href":"https:\/\/www.highspeedbuds.com\/de\/wp-json\/wp\/v2\/product_brand?post=38"},{"taxonomy":"product_cat","embeddable":true,"href":"https:\/\/www.highspeedbuds.com\/de\/wp-json\/wp\/v2\/product_cat?post=38"},{"taxonomy":"product_tag","embeddable":true,"href":"https:\/\/www.highspeedbuds.com\/de\/wp-json\/wp\/v2\/product_tag?post=38"}],"curies":[{"name":"wp","href":"https:\/\/api.w.org\/{rel}","templated":true}]}}