
{"id":31,"date":"2022-01-04T19:08:38","date_gmt":"2022-01-04T17:08:38","guid":{"rendered":"https:\/\/www.highspeedbuds.com\/product\/auto-brain-stroke-1-ud-high-speed-buds\/"},"modified":"2025-02-26T18:33:58","modified_gmt":"2025-02-26T16:33:58","slug":"auto-brain-stroke-1-ud-high-speed-buds","status":"publish","type":"product","link":"https:\/\/www.highspeedbuds.com\/de\/genetica\/auto-brain-stroke-1-ud-high-speed-buds\/","title":{"rendered":"Schlaganfall Auto"},"content":{"rendered":"<p>Brain Stroke Auto ist das Ergebnis der jahrelangen Arbeit unserer Z\u00fcchter. Sie vereint zwei legend\u00e4re amerikanische Genetiken wie Do Si Dos und Purple Punch Auto, um eine Automatic zu erhalten, die das Beste ihrer Vorfahren vereint. Mit 80% Indica-Genetik erreicht diese Sorte im Innenbereich eine mittlere Gr\u00f6\u00dfe und kann im Freien bis zu 1,2 m erreichen, immer abh\u00e4ngig von den Bedingungen, unter denen sie w\u00e4chst. Diese Sorte braucht nicht allzu viel Pflege und ist in 9-10 Wochen nach der Keimung erntereif, sowohl drinnen als auch drau\u00dfen. Sie muss jedoch sehr sorgf\u00e4ltig gereinigt werden, um nicht an der riesigen Menge an Harz, die sie produziert, h\u00e4ngen zu bleiben. Diese Pflanze kann einen Ertrag pro Pflanze von 550 Gramm pro Quadratmeter liefern. Das Aromaprofil dieser Sorte wird als sehr fruchtig beschrieben und erinnert an Beeren wie Heidelbeeren, Himbeeren und Brombeeren mit einem Hauch von S\u00e4ure.<\/p>","protected":false},"excerpt":{"rendered":"<p>- Kreuzung: Do Si Dos x Auto Purple Punch<br \/>\n- Indica\/Sativa: 80 \/ 20<br \/>\n- Produktion m2: 450-550 g<br \/>\n- Vollst\u00e4ndige Kultur: 9-10 Wochen<br \/>\n- Gr\u00f6\u00dfe innen: 70-90 cm<br \/>\n- Gr\u00f6\u00dfe f\u00fcr drau\u00dfen: 90-120 cm<br \/>\n- Geruch und Geschmack: Waldfr\u00fcchte, s\u00e4uerlich<\/p>","protected":false},"featured_media":128,"comment_status":"open","ping_status":"closed","template":"","meta":[],"product_brand":[],"product_cat":[18],"product_tag":[],"class_list":{"0":"post-31","1":"product","2":"type-product","3":"status-publish","4":"has-post-thumbnail","6":"product_cat-auto","8":"first","9":"instock","10":"taxable","11":"shipping-taxable","12":"purchasable","13":"product-type-variable","14":"has-default-attributes"},"_links":{"self":[{"href":"https:\/\/www.highspeedbuds.com\/de\/wp-json\/wp\/v2\/product\/31","targetHints":{"allow":["GET"]}}],"collection":[{"href":"https:\/\/www.highspeedbuds.com\/de\/wp-json\/wp\/v2\/product"}],"about":[{"href":"https:\/\/www.highspeedbuds.com\/de\/wp-json\/wp\/v2\/types\/product"}],"replies":[{"embeddable":true,"href":"https:\/\/www.highspeedbuds.com\/de\/wp-json\/wp\/v2\/comments?post=31"}],"wp:featuredmedia":[{"embeddable":true,"href":"https:\/\/www.highspeedbuds.com\/de\/wp-json\/wp\/v2\/media\/128"}],"wp:attachment":[{"href":"https:\/\/www.highspeedbuds.com\/de\/wp-json\/wp\/v2\/media?parent=31"}],"wp:term":[{"taxonomy":"product_brand","embeddable":true,"href":"https:\/\/www.highspeedbuds.com\/de\/wp-json\/wp\/v2\/product_brand?post=31"},{"taxonomy":"product_cat","embeddable":true,"href":"https:\/\/www.highspeedbuds.com\/de\/wp-json\/wp\/v2\/product_cat?post=31"},{"taxonomy":"product_tag","embeddable":true,"href":"https:\/\/www.highspeedbuds.com\/de\/wp-json\/wp\/v2\/product_tag?post=31"}],"curies":[{"name":"wp","href":"https:\/\/api.w.org\/{rel}","templated":true}]}}