
{"id":30,"date":"2022-01-04T19:08:38","date_gmt":"2022-01-04T17:08:38","guid":{"rendered":"https:\/\/www.highspeedbuds.com\/product\/auto-lemon-cake-1-ud-high-speed-buds\/"},"modified":"2025-02-26T18:26:07","modified_gmt":"2025-02-26T16:26:07","slug":"auto-lemon-cake-1-ud-high-speed-buds","status":"publish","type":"product","link":"https:\/\/www.highspeedbuds.com\/de\/genetica\/auto-lemon-cake-1-ud-high-speed-buds\/","title":{"rendered":"Zitronenkuchen Auto"},"content":{"rendered":"<p>Lemon Cake Auto ist eine unserer sicheren Wetten f\u00fcr Zitronenliebhaber. Wir haben sie aus dem legend\u00e4ren Las Vegas Lemon Skunk-Klon von Auto Wedding Cake erschaffen. Diese Sorte produziert eine 50% Indica-Pflanze mit einer gro\u00dfen Menge an Harz, das alle Bl\u00e4tter bedeckt. Mit dieser Sorte ist es uns gelungen, das Beste beider Elternteile zu vereinen, so dass Sie eine Kreuzung erhalten, die sich durch ihre Ausgewogenheit zwischen Potenz und Produktivit\u00e4t auszeichnet. Der Ertrag liegt bei etwa 550 Gramm bei einer durchschnittlichen Indoor-Gr\u00f6\u00dfe von 90 cm. Der komplette Zyklus dieser Sorte betr\u00e4gt 9 bis 10 Wochen, in denen Sie eine Sorte mit Zitrus- und s\u00fc\u00dfen Aromen erhalten, die an Zitronenkuchen erinnern.<\/p>","protected":false},"excerpt":{"rendered":"<p>- Kreuzung: Las Vegas Lemon Skunk x Auto Wedding Cake<br \/>\n- Indica\/Sativa: 50 \/ 50<br \/>\n- Produktion m2: 500-550 g<br \/>\n- Vollst\u00e4ndige Kultur: 9-10 Wochen<br \/>\n- Gr\u00f6\u00dfe innen: 80-100 cm<br \/>\n- Gr\u00f6\u00dfe f\u00fcr drau\u00dfen: 100-120 cm<br \/>\n- Aroma und Geschmack: Zitrone, s\u00fc\u00df<\/p>","protected":false},"featured_media":137,"comment_status":"open","ping_status":"closed","template":"","meta":[],"product_brand":[],"product_cat":[18],"product_tag":[],"class_list":{"0":"post-30","1":"product","2":"type-product","3":"status-publish","4":"has-post-thumbnail","6":"product_cat-auto","8":"first","9":"instock","10":"taxable","11":"shipping-taxable","12":"purchasable","13":"product-type-variable","14":"has-default-attributes"},"_links":{"self":[{"href":"https:\/\/www.highspeedbuds.com\/de\/wp-json\/wp\/v2\/product\/30","targetHints":{"allow":["GET"]}}],"collection":[{"href":"https:\/\/www.highspeedbuds.com\/de\/wp-json\/wp\/v2\/product"}],"about":[{"href":"https:\/\/www.highspeedbuds.com\/de\/wp-json\/wp\/v2\/types\/product"}],"replies":[{"embeddable":true,"href":"https:\/\/www.highspeedbuds.com\/de\/wp-json\/wp\/v2\/comments?post=30"}],"wp:featuredmedia":[{"embeddable":true,"href":"https:\/\/www.highspeedbuds.com\/de\/wp-json\/wp\/v2\/media\/137"}],"wp:attachment":[{"href":"https:\/\/www.highspeedbuds.com\/de\/wp-json\/wp\/v2\/media?parent=30"}],"wp:term":[{"taxonomy":"product_brand","embeddable":true,"href":"https:\/\/www.highspeedbuds.com\/de\/wp-json\/wp\/v2\/product_brand?post=30"},{"taxonomy":"product_cat","embeddable":true,"href":"https:\/\/www.highspeedbuds.com\/de\/wp-json\/wp\/v2\/product_cat?post=30"},{"taxonomy":"product_tag","embeddable":true,"href":"https:\/\/www.highspeedbuds.com\/de\/wp-json\/wp\/v2\/product_tag?post=30"}],"curies":[{"name":"wp","href":"https:\/\/api.w.org\/{rel}","templated":true}]}}