
{"id":440,"date":"2022-01-18T18:06:01","date_gmt":"2022-01-18T16:06:01","guid":{"rendered":"https:\/\/www.highspeedbuds.com\/?page_id=440"},"modified":"2025-11-25T13:22:37","modified_gmt":"2025-11-25T11:22:37","slug":"condiciones-de-venta","status":"publish","type":"page","link":"https:\/\/www.highspeedbuds.com\/de\/condiciones-de-venta\/","title":{"rendered":"Verkaufsbedingungen und Konditionen"},"content":{"rendered":"<div class=\"row\"  id=\"row-1620564108\">\n\n\n\t<div id=\"col-1621017909\" class=\"col small-12 large-12\"  >\n\t\t\t\t<div class=\"col-inner\"  >\n\t\t\t\n\t\t\t\n\n\n\t<section class=\"section\" id=\"section_716948784\">\n\t\t<div class=\"section-bg fill\" >\n\t\t\t\t\t\t\t\t\t\n\t\t\t\n\n\t\t<\/div>\n\n\t\t\n\n\t\t<div class=\"section-content relative\">\n\t\t\t\n\n<div class=\"container section-title-container\" ><h3 class=\"section-title section-title-center\"><b aria-hidden=\"true\"><\/b><span class=\"section-title-main\" >High Speed Buds Verkaufs- und Vertragsbedingungen<\/span><b aria-hidden=\"true\"><\/b><\/h3><\/div>\n\n\t<div id=\"text-3059944904\" class=\"text\">\n\t\t\n\n<h2 data-start=\"319\" data-end=\"370\">1. die Nutzung der Website und die Akzeptanz der Allgemeinen Gesch\u00e4ftsbedingungen<\/h2>\n<p data-start=\"372\" data-end=\"738\">Dieses Dokument legt die Bedingungen fest, die den Zugang und die Nutzung des Online-Portals www.highspeedbuds.com regeln, das Eigentum von Garden Seeds Trading, S.L. ist, im Folgenden \"High Speed Buds\" genannt. Mit der Annahme dieser Bedingungen erkl\u00e4rt der Benutzer, dass er sie sorgf\u00e4ltig gelesen hat, ihren Inhalt versteht und sich verpflichtet, sie vorbehaltlos zu befolgen.<\/p>\n<p data-start=\"740\" data-end=\"887\">Sollte der Nutzer mit einer dieser Bedingungen nicht einverstanden sein, muss er davon absehen, die Website zu besuchen oder einen ihrer Dienste zu nutzen.<\/p>\n<p data-start=\"889\" data-end=\"1048\">Die Nutzung dieser Website impliziert die ausdr\u00fcckliche Annahme, dass der gesamte Zugang, das Browsen und die Nutzung unter der alleinigen und ausschlie\u00dflichen Verantwortung des Nutzers erfolgt.<\/p>\n<p data-start=\"1050\" data-end=\"1294\">Diese Bedingungen k\u00f6nnen ohne vorherige Ank\u00fcndigung ge\u00e4ndert werden, so dass es in der Verantwortung des Nutzers liegt, sie vor der Best\u00e4tigung eines Kaufs zu \u00fcberpr\u00fcfen. Es gelten in jedem Fall die Bedingungen, die zum Zeitpunkt der Bestellung in Kraft sind.<\/p>\n<hr data-start=\"1296\" data-end=\"1299\" \/>\n<h2 data-start=\"1301\" data-end=\"1328\">2. Geltende Gesetzgebung<\/h2>\n<p data-start=\"1330\" data-end=\"1608\">Dieser Vertrag unterliegt spanischem Recht, insbesondere den Bestimmungen des Gesetzes 34\/2002 \u00fcber die Dienstleistungen der Informationsgesellschaft und den elektronischen Handel (LSSICE) und dem Gesetz 3\/2014 \u00fcber den Schutz der Verbraucher und Nutzer (LGDCU).<\/p>\n<p data-start=\"1610\" data-end=\"1883\">Diese Vereinbarung wird nicht von Dritten archiviert, und ihre Formulierungssprache ist Spanisch. Der Nutzer kann diese Bedingungen jederzeit in seinem Browser speichern oder ausdrucken. Die Annahme dieser Bedingungen ist eine notwendige Bedingung f\u00fcr die Best\u00e4tigung jeder Transaktion.<\/p>\n<hr data-start=\"1885\" data-end=\"1888\" \/>\n<h2 data-start=\"1890\" data-end=\"1932\">3. Benutzerkonto und Datenverwaltung<\/h2>\n<p data-start=\"1934\" data-end=\"2148\">Um in unserem Online-Shop einkaufen zu k\u00f6nnen, m\u00fcssen Sie ein pers\u00f6nliches Konto erstellen. Diese Registrierung kann jederzeit erfolgen, entweder w\u00e4hrend des Kaufs oder vorher \u00fcber den angegebenen Link.<\/p>\n<p data-start=\"2150\" data-end=\"2444\">Nach der Registrierung erh\u00e4lt der Benutzer eine Best\u00e4tigungs-E-Mail mit den Zugangsdaten. \u00dcber das Konto kann der Nutzer Bestellungen aufgeben, seine Historie einsehen, Passw\u00f6rter und pers\u00f6nliche Daten aktualisieren, Adressen \u00e4ndern und andere Vorg\u00e4nge im Zusammenhang mit seinen Eink\u00e4ufen verwalten.<\/p>\n<p data-start=\"2446\" data-end=\"2613\">Sie k\u00f6nnen jederzeit auf das Konto zugreifen, um Fehler in den eingegebenen Daten zu \u00fcberpr\u00fcfen und zu korrigieren, Adressen zu aktualisieren oder andere notwendige Anpassungen vorzunehmen.<\/p>\n<p data-start=\"2615\" data-end=\"2832\">Der Nutzer kann die L\u00f6schung seines Kontos beantragen, indem er eine E-Mail an die Adresse sendet, die mit <a class=\"cursor-pointer\" rel=\"noopener\" data-start=\"2731\" data-end=\"2753\">info@highspeedbuds.com<\/a>. Der Umgang mit diesen Daten ist in unserer Datenschutzrichtlinie geregelt.<\/p>\n<hr data-start=\"2834\" data-end=\"2837\" \/>\n<h2 data-start=\"2839\" data-end=\"2862\">4. Einkaufsprozess<\/h2>\n<p data-start=\"2864\" data-end=\"2947\">Der Kauf bei High Speed Buds ist einfach. Der Prozess besteht aus den folgenden Schritten:<\/p>\n<ol data-start=\"2949\" data-end=\"3951\">\n<li data-start=\"2949\" data-end=\"3184\">\n<p data-start=\"2952\" data-end=\"3184\"><strong data-start=\"2952\" data-end=\"2975\">Entdecken Sie den Katalog<\/strong> und w\u00e4hlen Sie die gew\u00fcnschten Artikel aus. In jeder Produktdatei finden Sie die Beschreibung, die Funktionen und den Preis. Die Bilder sind indikativ und k\u00f6nnen je nach Ger\u00e4t des Benutzers leicht variieren.<\/p>\n<\/li>\n<li data-start=\"3189\" data-end=\"3337\">\n<p data-start=\"3192\" data-end=\"3337\"><strong data-start=\"3192\" data-end=\"3227\">Klicken Sie auf \"In den Warenkorb\".<\/strong> um die Produkte zu Ihrer Bestellung hinzuzuf\u00fcgen. Sie k\u00f6nnen weitere Artikel hinzuf\u00fcgen oder direkt zur Kasse gehen.<\/p>\n<\/li>\n<li data-start=\"3339\" data-end=\"3406\">\n<p data-start=\"3342\" data-end=\"3406\"><strong data-start=\"3342\" data-end=\"3363\">Pr\u00fcfen Sie Ihren Einkaufswagen<\/strong> und klicken Sie auf \"Zur Kasse gehen\", um fortzufahren.<\/p>\n<\/li>\n<li data-start=\"3408\" data-end=\"3557\">\n<p data-start=\"3411\" data-end=\"3557\">Wenn Sie nicht registriert sind, werden Sie aufgefordert, Ihre pers\u00f6nlichen Daten und Ihre Lieferadresse einzugeben. Diese Angaben werden f\u00fcr zuk\u00fcnftige Eink\u00e4ufe gespeichert.<\/p>\n<\/li>\n<li data-start=\"3559\" data-end=\"3636\">\n<p data-start=\"3562\" data-end=\"3636\"><strong data-start=\"3562\" data-end=\"3599\">Akzeptieren Sie diese Verkaufsbedingungen<\/strong> und w\u00e4hlen Sie die verf\u00fcgbare Zahlungsmethode.<\/p>\n<\/li>\n<li data-start=\"3638\" data-end=\"3951\">\n<p data-start=\"3641\" data-end=\"3951\">Sobald die Bestellung abgeschlossen ist, erhalten Sie eine Best\u00e4tigungs-E-Mail mit allen Details und einem Kaufnachweis oder einer elektronischen Rechnung. Sollten Sie diese nicht innerhalb von 24 Stunden erhalten oder Fehler entdecken, kontaktieren Sie uns bitte per Telefon (968 629 309), E-Mail (<a class=\"cursor-pointer\" rel=\"noopener\" data-start=\"3886\" data-end=\"3908\">info@highspeedbuds.com<\/a>) oder \u00fcber den Abschnitt Kontakt auf der Website.<\/p>\n<\/li>\n<\/ol>\n<p data-start=\"3953\" data-end=\"4049\">Wenn Sie eine Rechnung in Papierform bevorzugen, teilen Sie uns dies bitte mit und wir senden Ihnen diese ohne zus\u00e4tzliche Kosten zu.<\/p>\n<hr data-start=\"4051\" data-end=\"4054\" \/>\n<h2 data-start=\"4056\" data-end=\"4076\">5. Zahlungsarten<\/h2>\n<p data-start=\"4078\" data-end=\"4115\">Wir bieten verschiedene Zahlungsm\u00f6glichkeiten an:<\/p>\n<ul data-start=\"4117\" data-end=\"4549\">\n<li data-start=\"4117\" data-end=\"4345\">\n<p data-start=\"4119\" data-end=\"4345\"><strong data-start=\"4119\" data-end=\"4150\">Kredit- oder Debitkarte<\/strong><br data-start=\"4150\" data-end=\"4153\" \/>Die Zahlung erfolgt \u00fcber ein sicheres Gateway der Banco Sabadell. High Speed Buds hat keinen Zugriff auf Ihre Kartendaten und speichert diese auch nicht, da sie direkt von der Bank verwaltet werden.<\/p>\n<\/li>\n<li data-start=\"4347\" data-end=\"4549\">\n<p data-start=\"4349\" data-end=\"4549\"><strong data-start=\"4349\" data-end=\"4359\">PayPal<\/strong><br data-start=\"4359\" data-end=\"4362\" \/>Sie k\u00f6nnen mit Ihrem PayPal-Konto bezahlen. High Speed Buds verarbeitet oder speichert keine Bankdaten der Kunden, da die gesamte Transaktion \u00fcber die PayPal-Plattform abgewickelt wird.<\/p>\n<\/li>\n<\/ul>\n<hr data-start=\"4551\" data-end=\"4554\" \/>\n<h2 data-start=\"4556\" data-end=\"4568\">6. Versand<\/h2>\n<p data-start=\"4570\" data-end=\"4590\">Wir liefern nach:<\/p>\n<ul data-start=\"4592\" data-end=\"4694\">\n<li data-start=\"4592\" data-end=\"4649\">\n<p data-start=\"4594\" data-end=\"4649\">Spanien (spanisches Festland, Balearen, Kanarische Inseln, Ceuta und Melilla)<\/p>\n<\/li>\n<li data-start=\"4650\" data-end=\"4658\">\n<p data-start=\"4652\" data-end=\"4658\">Europa<\/p>\n<\/li>\n<\/ul>\n<p data-start=\"4696\" data-end=\"4747\">Die Zustellung erfolgt \u00fcber Nacex und Correos.<\/p>\n<p data-start=\"4749\" data-end=\"4769\"><strong data-start=\"4749\" data-end=\"4769\">Versandkosten:<\/strong><\/p>\n<ul data-start=\"4771\" data-end=\"5097\">\n<li data-start=\"4771\" data-end=\"4831\">\n<p data-start=\"4773\" data-end=\"4831\">Festland Spanien: 5,90\u20ac.<\/p>\n<\/li>\n<li data-start=\"4771\" data-end=\"4831\">\n<p data-start=\"4773\" data-end=\"4831\">Europa: \u20ac9,50<\/p>\n<\/li>\n<li data-start=\"4771\" data-end=\"4831\">\n<p data-start=\"4773\" data-end=\"4831\">Australien: \u20ac45<\/p>\n<\/li>\n<li data-start=\"4771\" data-end=\"4831\">\n<p data-start=\"4773\" data-end=\"4831\">Asien: \u20ac55<\/p>\n<\/li>\n<li data-start=\"4771\" data-end=\"4831\">\n<p data-start=\"4773\" data-end=\"4831\">Afrika: 19,50 \u20ac 19,50<\/p>\n<\/li>\n<\/ul>\n<p data-start=\"5099\" data-end=\"5241\">Sie k\u00f6nnen bei Ihrer Bestellung die gew\u00fcnschten Lieferzeiten angeben; wir werden versuchen, diese je nach Verf\u00fcgbarkeit des Transportunternehmens einzuhalten.<\/p>\n<hr data-start=\"5243\" data-end=\"5246\" \/>\n<h2 data-start=\"5248\" data-end=\"5271\">7. Lieferfristen<\/h2>\n<p data-start=\"5273\" data-end=\"5378\">Die gesch\u00e4tzte Lieferzeit wird w\u00e4hrend des Bestellvorgangs angezeigt und gilt als akzeptiert, sobald die Bestellung abgeschlossen ist.<\/p>\n<p data-start=\"5380\" data-end=\"5544\">Im Falle einer Verz\u00f6gerung kann eine angemessene Nachfrist gew\u00e4hrt werden. Wird die Ware auch innerhalb dieser Frist nicht geliefert, k\u00f6nnen Sie vom Vertrag zur\u00fccktreten und erhalten eine vollst\u00e4ndige R\u00fcckerstattung.<\/p>\n<p data-start=\"5546\" data-end=\"5674\">Wenn sich das Produkt im Vorverkauf befindet, k\u00f6nnen die Lieferzeiten je nach Verf\u00fcgbarkeit variieren. Wir werden Sie \u00fcber alle \u00c4nderungen informieren.<\/p>\n<p data-start=\"5676\" data-end=\"5797\">Im Falle eines Lieferengpasses werden wir Sie kontaktieren, um Ihnen Alternativen, eine neue Lieferzeit oder die Stornierung der Bestellung anzubieten.<\/p>\n<p data-start=\"5799\" data-end=\"5932\">Wir sind nicht verantwortlich f\u00fcr Versp\u00e4tungen, die durch \u00e4u\u00dfere Umst\u00e4nde (Naturkatastrophen, Streiks, gesetzliche Einschr\u00e4nkungen usw.) verursacht werden.<\/p>\n<hr data-start=\"5934\" data-end=\"5937\" \/>\n<h2 data-start=\"5939\" data-end=\"5975\">8. Preise, Steuern und Z\u00f6lle<\/h2>\n<p data-start=\"5977\" data-end=\"6066\">Alle Preise sind in Euro (\u20ac) angegeben. Sie k\u00f6nnen variieren, ohne dass dies Auswirkungen auf bereits best\u00e4tigte Bestellungen hat.<\/p>\n<ul data-start=\"6068\" data-end=\"6405\">\n<li data-start=\"6068\" data-end=\"6114\">\n<p data-start=\"6070\" data-end=\"6114\">Sendungen auf die Halbinsel und die Balearen: inklusive Mehrwertsteuer.<\/p>\n<\/li>\n<li data-start=\"6115\" data-end=\"6258\">\n<p data-start=\"6117\" data-end=\"6150\">Sendungen in andere EU-L\u00e4nder:<\/p>\n<ul data-start=\"6153\" data-end=\"6258\">\n<li data-start=\"6153\" data-end=\"6201\">\n<p data-start=\"6155\" data-end=\"6201\">Wenn der K\u00e4ufer eine Privatperson ist: einschlie\u00dflich Mehrwertsteuer.<\/p>\n<\/li>\n<li data-start=\"6204\" data-end=\"6258\">\n<p data-start=\"6206\" data-end=\"6258\">Wenn Sie ein ROI-registriertes Unternehmen sind: keine Mehrwertsteuer enthalten.<\/p>\n<\/li>\n<\/ul>\n<\/li>\n<li data-start=\"6259\" data-end=\"6405\">\n<p data-start=\"6261\" data-end=\"6405\">Sendungen auf die Kanarischen Inseln, Ceuta, Melilla und au\u00dferhalb der EU: ohne Mehrwertsteuer.<br data-start=\"6329\" data-end=\"6332\" \/><strong data-start=\"6334\" data-end=\"6405\">DUA, Z\u00f6lle und lokale Steuern gehen zu Lasten des K\u00e4ufers.<\/strong><\/p>\n<\/li>\n<\/ul>\n<hr data-start=\"6407\" data-end=\"6410\" \/>\n<h2 data-start=\"6412\" data-end=\"6455\">9. K\u00fcndigung, Sperrung und Beendigung des Kontos<\/h2>\n<p data-start=\"6457\" data-end=\"6572\">Benutzerkonten werden nicht wegen Inaktivit\u00e4t gel\u00f6scht. Sie k\u00f6nnen sich per E-Mail abmelden an <a class=\"cursor-pointer\" rel=\"noopener\" data-start=\"6549\" data-end=\"6571\">info@highspeedbuds.com<\/a>.<\/p>\n<p data-start=\"6574\" data-end=\"6723\">Im Falle einer Nichtzahlung kann die Bestellung ausgesetzt werden, bis sie reguliert ist. Wenn sie nach 15 Tagen immer noch nicht gekl\u00e4rt ist, kann sie automatisch storniert werden.<\/p>\n<p data-start=\"6725\" data-end=\"6967\">High Speed Buds beh\u00e4lt sich das Recht vor, ein Benutzerkonto, das gegen diese Bedingungen verst\u00f6\u00dft oder die Website in betr\u00fcgerischer Weise nutzt, zu sperren oder zu l\u00f6schen, wobei der Benutzer per E-Mail benachrichtigt wird. Dies entbindet den Benutzer nicht von seinen Zahlungsverpflichtungen.<\/p>\n<p data-start=\"6969\" data-end=\"7089\">In schwerwiegenden F\u00e4llen kann eine dauerhafte Suspendierung ohne Vorank\u00fcndigung verh\u00e4ngt werden, wobei die Situation immer gepr\u00fcft wird.<\/p>\n<hr data-start=\"7091\" data-end=\"7094\" \/>\n<h2 data-start=\"7096\" data-end=\"7115\">10. Liefert<\/h2>\n<h3 data-start=\"7117\" data-end=\"7154\">Defektes oder falsches Produkt:<\/h3>\n<p data-start=\"7156\" data-end=\"7306\">Wenn Sie einen besch\u00e4digten oder falschen Artikel erhalten, kontaktieren Sie uns bitte so schnell wie m\u00f6glich. Wenn das Paket sichtbar besch\u00e4digt ist, informieren Sie den Spediteur, wenn Sie es erhalten.<\/p>\n<p data-start=\"7308\" data-end=\"7477\">Sie m\u00fcssen das Produkt gesch\u00fctzt zur\u00fcckschicken (vorzugsweise in der Originalverpackung). Wir bieten eine kostenlose Abholung an. Wenn Sie einen anderen Spediteur w\u00e4hlen, m\u00fcssen Sie f\u00fcr die zus\u00e4tzlichen Kosten aufkommen.<\/p>\n<h3 data-start=\"7479\" data-end=\"7508\">Recht auf Widerruf:<\/h3>\n<p data-start=\"7510\" data-end=\"7652\">Sie k\u00f6nnen jedes Produkt innerhalb von 14 Kalendertagen nach Erhalt zur\u00fcckgeben, sofern es sich nicht um ein digitales Produkt handelt, das bereits heruntergeladen wurde.<\/p>\n<p data-start=\"7654\" data-end=\"7843\">Der Artikel muss in einwandfreiem Zustand und, wenn m\u00f6glich, in der Originalverpackung sein. Wenn Teile fehlen oder das Produkt besch\u00e4digt ist, k\u00f6nnen wir einen proportionalen Teil der R\u00fcckerstattung abziehen.<\/p>\n<p data-start=\"7845\" data-end=\"8009\">Die Erstattung erfolgt auf demselben Zahlungsweg innerhalb von 14 Tagen nach Erhalt der Ware oder der Benachrichtigung, wenn wir die Abholung veranlassen.<\/p>\n<p data-start=\"8011\" data-end=\"8077\"><strong data-start=\"8011\" data-end=\"8077\">R\u00fccksendekosten aufgrund von Widerruf: zu Lasten des K\u00e4ufers.<\/strong><\/p>\n<p data-start=\"8079\" data-end=\"8162\">Wenn Sie eine Bestellung vor dem Versand stornieren oder \u00e4ndern m\u00f6chten, k\u00f6nnen Sie dies kostenlos tun.<\/p>\n<hr data-start=\"8164\" data-end=\"8167\" \/>\n<h2 data-start=\"8169\" data-end=\"8185\">11. Garantien<\/h2>\n<p data-start=\"8187\" data-end=\"8367\">Auf alle Produkte gew\u00e4hren wir eine gesetzliche Garantie von 2 Jahren (1 Jahr, wenn es sich um gebrauchte Produkte handelt) gem\u00e4\u00df den geltenden Vorschriften, mit Ausnahme von Ausnahmen, die sich aus der Art des Produkts ergeben.<\/p>\n<p data-start=\"8369\" data-end=\"8544\">W\u00e4hrend der ersten 6 Monate nach der Lieferung wird davon ausgegangen, dass jeder Mangel auf die Lieferung zur\u00fcckzuf\u00fchren ist, es sei denn, es wird das Gegenteil bewiesen. Nach Ablauf dieser Frist m\u00fcssen Sie den Mangel nachweisen.<\/p>\n<p data-start=\"8546\" data-end=\"8670\">Im Falle eines Mangels kann das Produkt kostenlos repariert, ersetzt oder erstattet werden, einschlie\u00dflich der Versandkosten.<\/p>\n<p data-start=\"8672\" data-end=\"8777\">Sch\u00e4den, die durch Missbrauch, Fahrl\u00e4ssigkeit, Unf\u00e4lle oder nicht autorisierte \u00c4nderungen entstehen, sind ausgeschlossen.<\/p>\n<hr \/>\n<h2>12. Konfliktl\u00f6sung<\/h2>\n<p>Gem\u00e4\u00df den neuen europ\u00e4ischen Vorschriften informieren wir die Nutzer \u00fcber die Existenz einer europ\u00e4ischen Plattform zur Beilegung von Streitigkeiten im Zusammenhang mit Online-Vertr\u00e4gen. Zur Beilegung von Streitigkeiten im Zusammenhang mit Verbraucherangelegenheiten (gem\u00e4\u00df Art. 14.1 der Verordnung (EU) 524\/2013) stellt die Europ\u00e4ische Kommission eine Online-Plattform zur Streitbeilegung zur Verf\u00fcgung.<\/p>\n\t\t\n<style>\n#text-3059944904 {\n  color: rgb(0,0,0);\n}\n#text-3059944904 > * {\n  color: rgb(0,0,0);\n}\n<\/style>\n\t<\/div>\n\t\n\n\t\t<\/div>\n\n\t\t\n<style>\n#section_716948784 {\n  padding-top: 30px;\n  padding-bottom: 30px;\n  background-color: #edc020;\n}\n<\/style>\n\t<\/section>\n\t\n\n\t\t<\/div>\n\t\t\t\t\t<\/div>\n\n\t\n\n<\/div>","protected":false},"excerpt":{"rendered":"","protected":false},"author":1,"featured_media":0,"parent":0,"menu_order":0,"comment_status":"closed","ping_status":"closed","template":"","meta":{"footnotes":""},"class_list":["post-440","page","type-page","status-publish","hentry"],"_links":{"self":[{"href":"https:\/\/www.highspeedbuds.com\/de\/wp-json\/wp\/v2\/pages\/440","targetHints":{"allow":["GET"]}}],"collection":[{"href":"https:\/\/www.highspeedbuds.com\/de\/wp-json\/wp\/v2\/pages"}],"about":[{"href":"https:\/\/www.highspeedbuds.com\/de\/wp-json\/wp\/v2\/types\/page"}],"author":[{"embeddable":true,"href":"https:\/\/www.highspeedbuds.com\/de\/wp-json\/wp\/v2\/users\/1"}],"replies":[{"embeddable":true,"href":"https:\/\/www.highspeedbuds.com\/de\/wp-json\/wp\/v2\/comments?post=440"}],"version-history":[{"count":9,"href":"https:\/\/www.highspeedbuds.com\/de\/wp-json\/wp\/v2\/pages\/440\/revisions"}],"predecessor-version":[{"id":1934,"href":"https:\/\/www.highspeedbuds.com\/de\/wp-json\/wp\/v2\/pages\/440\/revisions\/1934"}],"wp:attachment":[{"href":"https:\/\/www.highspeedbuds.com\/de\/wp-json\/wp\/v2\/media?parent=440"}],"curies":[{"name":"wp","href":"https:\/\/api.w.org\/{rel}","templated":true}]}}