
{"id":437,"date":"2022-01-18T18:05:08","date_gmt":"2022-01-18T16:05:08","guid":{"rendered":"https:\/\/www.highspeedbuds.com\/?page_id=437"},"modified":"2025-07-28T13:50:43","modified_gmt":"2025-07-28T11:50:43","slug":"aviso-legal","status":"publish","type":"page","link":"https:\/\/www.highspeedbuds.com\/de\/aviso-legal\/","title":{"rendered":"Rechtlicher Hinweis"},"content":{"rendered":"<div class=\"row row-collapse\"  id=\"row-1625486175\">\n\n\n\t<div id=\"col-980813820\" class=\"col small-12 large-12\"  >\n\t\t\t\t<div class=\"col-inner dark\"  >\n\t\t\t\n\t\t\t\n\n<p>Gem\u00e4\u00df Artikel 10 des Gesetzes 34\/2002 vom 11. Juli 2002 \u00fcber die Dienstleistungen der Informationsgesellschaft und den elektronischen Handel (LSSICE) stellt Flower Seeds Trading, S.L. (im Folgenden \"High Speed Buds\"), die f\u00fcr diesen Online-Shop verantwortlich ist, den Benutzern diese Informationen zur Verf\u00fcgung, um ihre Nutzungsbedingungen zu definieren.<\/p>\n<p>Zus\u00e4tzlich zu den hier dargelegten Inhalten werden die spezifischen Aspekte im Zusammenhang mit dem Schutz personenbezogener Daten und der Privatsph\u00e4re der Nutzer dieser Website auf den Seiten Datenschutzrichtlinie und Cookies-Richtlinie behandelt.<\/p>\n<h2>Identit\u00e4t des f\u00fcr die Datenverarbeitung Verantwortlichen<\/h2>\n<ul>\n<li><strong>Name des Unternehmens<\/strong>: Garden Seeds Trading, S.L.<\/li>\n<li><strong>Handelsname<\/strong>High Speed Buds : High Speed Buds<\/li>\n<li><strong>UMSATZSTEUER-IDENTIFIKATIONSNUMMER<\/strong>: B73603805<\/li>\n<li><strong>Eingetragen im Handelsregister von Murcia, in Band 2640, Folio 101, Seite MU68784, 1.<\/strong><\/li>\n<li><strong>Eingetragener Firmensitz<\/strong>C\/ Villanueva del Segura, nave 5, 30500 Molina de Segura (Murcia)<\/li>\n<li><strong>Aktivit\u00e4t<\/strong>Saatguthandel und Saatgutd\u00fcnger<\/li>\n<li><strong>Telefon<\/strong>: 968 629 309<\/li>\n<li><strong>eMail<\/strong>:\u00a0<a href=\"mailto:info@00seeds.com\">i<\/a>nfo@highspeedbuds.com<\/li>\n<li><strong>Domain-Name<\/strong>: highspeedbuds.com\u00a0 \u00a0 \u00a0<\/li>\n<li><strong>Registrierung der Verarbeitung in \u00dcbereinstimmung mit der DSGVO:<\/strong>\u00a0Kunden\/Lieferanten, Video\u00fcberwachung, Mitarbeiter, Personalbeschaffung und Internetnutzer.<\/li>\n<\/ul>\n<h2>Zweck der Website<\/h2>\n<p>Der Online-Shop \"High Speed Buds\" hat folgenden Zweck:<\/p>\n<ul>\n<li>Dem Benutzer die zum Kauf angebotenen Produkte und\/oder Dienstleistungen auf elektronischem Wege zur Verf\u00fcgung zu stellen sowie Informationen \u00fcber diese und den Controller zu liefern.<\/li>\n<li>Offenlegung von Informationen, die sich auf den T\u00e4tigkeitsbereich der verantwortlichen Partei beziehen.<\/li>\n<li>Verwalten Sie Benutzerkommentare und\/oder Bewertungen.<\/li>\n<\/ul>\n<h2>Regulatorischer Rahmen<\/h2>\n<p>Die T\u00e4tigkeit dieses Online-Shops unterliegt dem spanischen und europ\u00e4ischen Rechtsrahmen, insbesondere den folgenden Bestimmungen:<\/p>\n<ul>\n<li>General Data Protection Regulation (GDPR) (EU) 2016\/679 vom 27. April, die die Verarbeitung von personenbezogenen Daten in den L\u00e4ndern der Europ\u00e4ischen Union regelt.<\/li>\n<li>Das Organgesetz 3\/2018 vom 5. Dezember \u00fcber den Schutz personenbezogener Daten und die Gew\u00e4hrleistung digitaler Rechte (LOPD und GDD), eine regionale Verordnung (f\u00fcr Spanien), die viele der in der DSGVO enthaltenen Konzepte und Rechte definiert und ausweitet.<\/li>\n<li>Gesetz 34\/2002 vom 11. Juli \u00fcber die Dienstleistungen der Informationsgesellschaft und den elektronischen Handel (LSSICE), eine Verordnung, die sich auf Websites auswirkt, die in irgendeiner Weise wirtschaftliche Aktivit\u00e4ten auf elektronischem Wege durchf\u00fchren, wie es bei dieser Website der Fall ist.<\/li>\n<li>Gesetz 03\/2014, vom 27. M\u00e4rz, Allgemeines Gesetz zum Schutz von Verbrauchern und Nutzern (LGDCU), das die Verkaufs- und Vertragsbedingungen regelt.<\/li>\n<\/ul>\n<h2>Nutzungsbedingungen und Verantwortlichkeiten<\/h2>\n<p>Jede Person, die auf diese Website zugreift, \u00fcbernimmt die Rolle des Benutzers und verpflichtet sich zur Einhaltung und strikten Befolgung der hier dargelegten Bedingungen sowie aller anderen m\u00f6glicherweise anwendbaren gesetzlichen Bestimmungen. \"High Speed Buds\" kann nicht f\u00fcr Sch\u00e4den haftbar gemacht werden, weder f\u00fcr eigene noch f\u00fcr Sch\u00e4den Dritter, die durch die unsachgem\u00e4\u00dfe Nutzung dieser Website durch den Nutzer entstehen.<\/p>\n<p>Die folgenden Handlungen sind von \"High Speed Buds\" strengstens untersagt. Wenn der Nutzer eine der in den folgenden Punkten beschriebenen Handlungen begeht, die auch eine Straftat darstellen, beh\u00e4lt sich \"High Speed Buds\" das Recht vor, diese bei den Beh\u00f6rden anzuzeigen, wenn sie festgestellt werden:<\/p>\n<ul>\n<li>Computerviren oder andere Systeme einzuschleusen oder zu verbreiten, die geeignet sind, die physischen oder logischen Systeme des Domaininhabers, seiner Lieferanten oder Dritter zu sch\u00e4digen. Dieses Verbot gilt auch f\u00fcr eventuell eingef\u00fcgte Skripte.<\/li>\n<li>Unerlaubte Vervielf\u00e4ltigung des Inhalts der Website.<\/li>\n<li>Der Zugriff auf (oder der Versuch des Zugriffs auf) eingeschr\u00e4nkte Bereiche der Plattform, ohne die f\u00fcr einen solchen Zugriff erforderlichen Bedingungen zu erf\u00fcllen. sowie die Weitergabe von Daten \u00fcber den Betrieb der Website ohne die ausdr\u00fcckliche Genehmigung der Administratoren derselben.<\/li>\n<li>Umgehen Sie die von \"High Speed Buds\" eingerichteten Zahlungssysteme (oder versuchen Sie, diese zu umgehen).<\/li>\n<\/ul>\n<p>Der Inhalt dieser Website kann in keinem Fall als Ersatz f\u00fcr eine Rechtsberatung angesehen werden.<\/p>\n<p>\"High Speed Buds\" beh\u00e4lt sich das Recht vor, jede Art von Informationen, die im Online-Shop erscheinen, jederzeit und ohne vorherige Ank\u00fcndigung zu \u00e4ndern, ohne dass eine Verpflichtung zur vorherigen Ank\u00fcndigung oder Information der Benutzer besteht, wobei die Ver\u00f6ffentlichung auf dieser Website als ausreichend angesehen wird.<\/p>\n<p>Diese Website wurde \u00fcberpr\u00fcft und getestet, so dass sie ohne Unterbrechung korrekt funktioniert. High Speed Buds\" schlie\u00dft jedoch nicht aus, dass bestimmte Programmierfehler, gelegentliche Nichtverf\u00fcgbarkeit (z.B. Serverabst\u00fcrze oder Serverwartung) oder das Auftreten von h\u00f6herer Gewalt, Naturkatastrophen, Streiks oder \u00e4hnlichen Umst\u00e4nden, die den Zugriff auf die Website vor\u00fcbergehend unm\u00f6glich machen, auftreten k\u00f6nnen.<\/p>\n<p>Der Benutzer verpflichtet sich, diese Website oder gegebenenfalls die auf ihr angebotenen Dienstleistungen oder Produkte nicht zu nutzen, um Aktivit\u00e4ten durchzuf\u00fchren, die gegen das Gesetz, die \u00f6ffentliche Ordnung oder diese Nutzungsbedingungen versto\u00dfen. Daher wird \"High Speed Buds\" <strong>ist nicht verantwortlich f\u00fcr die gespeicherten Informationen und Inhalte, insbesondere in Foren, Chats, Blogs, Kommentaren, sozialen Netzwerken oder anderen Medien, die es Dritten erm\u00f6glichen, Inhalte zu ver\u00f6ffentlichen. Jedoch und in \u00dcbereinstimmung mit den Bestimmungen der Artikel 11 und 16 des LSSI-CE,\u00a0<\/strong>\"High Speed Buds <strong>steht allen Nutzern, Beh\u00f6rden und Sicherheitskr\u00e4ften zur Verf\u00fcgung und arbeitet aktiv an der Entfernung oder Sperrung aller Inhalte mit, die die nationale oder internationale Gesetzgebung, die Rechte Dritter oder die Moral und die \u00f6ffentliche Ordnung beeintr\u00e4chtigen oder dagegen versto\u00dfen k\u00f6nnten. Sollte ein Nutzer der Meinung sein, dass sich auf der Website Inhalte befinden, die dieser Einstufung unterliegen k\u00f6nnten, informieren Sie bitte unverz\u00fcglich unsere Mitarbeiter.<\/strong><\/p>\n<p>\"High Speed Buds\" beh\u00e4lt sich das Recht vor, Benutzern, die sich nicht an unsere Nutzungsbedingungen halten, ohne Vorwarnung den Zugang zum Shop zu verweigern oder zu entziehen, sei es auf eigenen Wunsch oder auf Wunsch eines Dritten.<\/p>\n<h2>Geistiges Eigentum<\/h2>\n<p>Die Website, einschlie\u00dflich, aber nicht beschr\u00e4nkt auf ihre Programmierung, Bearbeitung, Zusammenstellung und andere f\u00fcr ihren Betrieb notwendige Elemente, Designs, Logos, Texte und\/oder Grafiken sind Eigentum von \"High Speed Buds\" oder verf\u00fcgen gegebenenfalls \u00fcber eine Lizenz oder ausdr\u00fcckliche Genehmigung der Urheber.<\/p>\n<p>Alle Inhalte der Website sind durch die Vorschriften zum geistigen und gewerblichen Eigentum ordnungsgem\u00e4\u00df gesch\u00fctzt und in den entsprechenden \u00f6ffentlichen Registern eingetragen. Die vollst\u00e4ndige oder teilweise Vervielf\u00e4ltigung und\/oder Ver\u00f6ffentlichung der Website oder ihre elektronische Verarbeitung, Verteilung, Verbreitung, Ver\u00e4nderung oder Umwandlung ist ohne vorherige schriftliche Genehmigung nicht gestattet. \"High Speed Buds\" wird die Einhaltung der oben genannten Bedingungen sowie die ordnungsgem\u00e4\u00dfe Nutzung der auf seiner Website pr\u00e4sentierten Inhalte sicherstellen und alle zivil- und strafrechtlichen Ma\u00dfnahmen ergreifen, die im Falle einer Verletzung oder eines Versto\u00dfes gegen diese Rechte durch den Nutzer gelten.<\/p>\n<p>Die Designs, Logos, Texte und\/oder Grafiken, die nicht zu \"High Speed Buds\" geh\u00f6ren und die auf der Website erscheinen k\u00f6nnen, geh\u00f6ren ihren jeweiligen Eigent\u00fcmern, die selbst f\u00fcr eventuelle Streitigkeiten in Bezug auf diese verantwortlich sind. In jedem Fall hat \"High Speed Buds\" die ausdr\u00fcckliche und vorherige Genehmigung von diesen. \"High Speed Buds\" erkennt zugunsten ihrer Eigent\u00fcmer die entsprechenden gewerblichen und geistigen Eigentumsrechte an, und ihre blo\u00dfe Erw\u00e4hnung oder ihr Erscheinen auf der Website impliziert weder das Bestehen von Rechten oder die Verantwortung des Verantwortlichen f\u00fcr sie, noch eine Bef\u00fcrwortung, F\u00f6rderung oder Empfehlung durch denselben.<\/p>\n<h2>Links von Dritten<\/h2>\n<p>\"High Speed Buds\" kann dem Benutzer Links oder andere Elemente zur Verf\u00fcgung stellen, die den Zugang zu anderen Websites erm\u00f6glichen, die Dritten geh\u00f6ren. Wir vermarkten weder die Produkte und\/oder Dienstleistungen dieser verlinkten Seiten, noch \u00fcbernehmen wir die Verantwortung f\u00fcr diese, noch f\u00fcr die darin enthaltenen Informationen, noch f\u00fcr deren Wahrheitsgehalt oder Rechtm\u00e4\u00dfigkeit, noch f\u00fcr die Auswirkungen, die sich daraus ergeben k\u00f6nnen.<\/p>\n<p>In jedem Fall erkl\u00e4rt \"High Speed Buds\", dass sie alle Inhalte, die gegen die nationale oder internationale Gesetzgebung, die Moral oder die \u00f6ffentliche Ordnung versto\u00dfen k\u00f6nnten, unverz\u00fcglich entfernen und die Weiterleitung zu dieser Website unverz\u00fcglich aufheben wird, indem sie die zust\u00e4ndigen Beh\u00f6rden \u00fcber den betreffenden Inhalt informiert.<\/p>\n<h2>Anwendbares Recht und Gerichtsstand<\/h2>\n<p>Die Sprache, in der dieser rechtliche Hinweis verfasst und ausgelegt wird, ist Spanisch.<\/p>\n<p>Die Beziehung zwischen \"High Speed Buds\" und dem Benutzer unterliegt in all ihren Aspekten dem spanischen Recht, dem sich beide Parteien im Falle von Streitigkeiten oder Fragen im Zusammenhang mit dieser Website oder den darin durchgef\u00fchrten Aktivit\u00e4ten ausdr\u00fccklich unterwerfen.<\/p>\n<p>F\u00fcr den Fall, dass sich der Wohnsitz des Nutzers au\u00dferhalb Spaniens befindet, vereinbaren \"High Speed Buds\" und der Nutzer, sich unter ausdr\u00fccklichem Verzicht auf jede andere Zust\u00e4ndigkeit den zust\u00e4ndigen Gerichten Spaniens zu unterwerfen.<\/p>\n\n\t\t<\/div>\n\t\t\t\t\n<style>\n#col-980813820 > .col-inner {\n  border-radius: 5px;\n}\n<\/style>\n\t<\/div>\n\n\t\n\n\n<style>\n#row-1625486175 > .col > .col-inner {\n  padding: 20px 20px 20px 20px;\n  background-color: #a72055;\n}\n<\/style>\n<\/div>","protected":false},"excerpt":{"rendered":"","protected":false},"author":1,"featured_media":0,"parent":0,"menu_order":0,"comment_status":"closed","ping_status":"closed","template":"","meta":{"footnotes":""},"class_list":["post-437","page","type-page","status-publish","hentry"],"_links":{"self":[{"href":"https:\/\/www.highspeedbuds.com\/de\/wp-json\/wp\/v2\/pages\/437","targetHints":{"allow":["GET"]}}],"collection":[{"href":"https:\/\/www.highspeedbuds.com\/de\/wp-json\/wp\/v2\/pages"}],"about":[{"href":"https:\/\/www.highspeedbuds.com\/de\/wp-json\/wp\/v2\/types\/page"}],"author":[{"embeddable":true,"href":"https:\/\/www.highspeedbuds.com\/de\/wp-json\/wp\/v2\/users\/1"}],"replies":[{"embeddable":true,"href":"https:\/\/www.highspeedbuds.com\/de\/wp-json\/wp\/v2\/comments?post=437"}],"version-history":[{"count":3,"href":"https:\/\/www.highspeedbuds.com\/de\/wp-json\/wp\/v2\/pages\/437\/revisions"}],"predecessor-version":[{"id":1916,"href":"https:\/\/www.highspeedbuds.com\/de\/wp-json\/wp\/v2\/pages\/437\/revisions\/1916"}],"wp:attachment":[{"href":"https:\/\/www.highspeedbuds.com\/de\/wp-json\/wp\/v2\/media?parent=437"}],"curies":[{"name":"wp","href":"https:\/\/api.w.org\/{rel}","templated":true}]}}